{"id":10,"date":"2019-02-11T08:59:38","date_gmt":"2019-02-11T08:59:38","guid":{"rendered":"http:\/\/www.immoservicegroup.sk\/?page_id=10"},"modified":"2022-08-02T07:12:51","modified_gmt":"2022-08-02T07:12:51","slug":"legislativa","status":"publish","type":"page","link":"http:\/\/www.immoservicegroup.sk\/?page_id=10","title":{"rendered":"GDPR"},"content":{"rendered":"<p><strong>OCHRANA OSOBN\u00ddCH \u00daDAJOV v spolo\u010dnosti IMMO Service Group s.r.o.&nbsp;<\/strong><\/p>\n<p>V s\u00favislosti pr\u00edslu\u0161n\u00fdch pr\u00e1vnych predpisov a jednotliv\u00fdch po\u017eiadaviek z\u00e1kona \u010d. 18\/2018 Z.z. o ochrane osobn\u00fdch \u00fadajov a o zmene a doplnen\u00ed niektor\u00fdch z\u00e1konov (\u010falej len <strong>&#8222;Z\u00e1kon o ochrane osobn\u00fdch \u00fadajov<\/strong>&#8222;), ako aj nariadenia Eur\u00f3pskeho parlamentu a Rady (E\u00da) 2016\/679 z 27.apr\u00edla 2016 o ochrane fyzick\u00fdch os\u00f4b pri sprac\u00favan\u00ed osobn\u00fdch \u00fadajov a o vo\u013enom pohybe t\u00fdchto \u00fadajov, ktor\u00fdm sa zru\u0161uje smernica 95\/46\/ES (v\u0161eobecn\u00e9 nariadenie o ochrane osobn\u00fdch \u00fadajov) (\u010falej len &#8222;<strong>GDPR<\/strong>&#8222;), sa na\u0161a spolo\u010dnos\u0165 riadi z\u00e1sadami spracovania osobn\u00fdch \u00fadajov, ktor\u00e9 n\u00e1jdete ako pr\u00edlohu&nbsp;<a href=\"http:\/\/www.immoservicegroup.sk\/wp-content\/uploads\/2019\/02\/Pr\u00edloha-10_OCHRANA-OSOBN\u00ddCH-\u00daDAJOV-NA-WEB.docx\">TU: Pr\u00edloha 10_OCHRANA OSOBN\u00ddCH \u00daDAJOV NA WEB<\/a><\/p>\n<p>spr\u00e1vca objektu<\/p>\n","protected":false},"excerpt":{"rendered":"<p>OCHRANA OSOBN\u00ddCH \u00daDAJOV v spolo\u010dnosti IMMO Service Group s.r.o.&nbsp; V s\u00favislosti pr\u00edslu\u0161n\u00fdch pr\u00e1vnych predpisov a jednotliv\u00fdch po\u017eiadaviek z\u00e1kona \u010d. 18\/2018 Z.z. o ochrane osobn\u00fdch \u00fadajov a o zmene a doplnen\u00ed<a href=\"http:\/\/www.immoservicegroup.sk\/?page_id=10\" class=\"more-link\">Read More <span class=\"screen-reader-text\">GDPR<\/span><\/a><\/p>\n","protected":false},"author":1,"featured_media":0,"parent":0,"menu_order":0,"comment_status":"closed","ping_status":"closed","template":"","meta":[],"_links":{"self":[{"href":"http:\/\/www.immoservicegroup.sk\/index.php?rest_route=\/wp\/v2\/pages\/10"}],"collection":[{"href":"http:\/\/www.immoservicegroup.sk\/index.php?rest_route=\/wp\/v2\/pages"}],"about":[{"href":"http:\/\/www.immoservicegroup.sk\/index.php?rest_route=\/wp\/v2\/types\/page"}],"author":[{"embeddable":true,"href":"http:\/\/www.immoservicegroup.sk\/index.php?rest_route=\/wp\/v2\/users\/1"}],"replies":[{"embeddable":true,"href":"http:\/\/www.immoservicegroup.sk\/index.php?rest_route=%2Fwp%2Fv2%2Fcomments&post=10"}],"version-history":[{"count":6,"href":"http:\/\/www.immoservicegroup.sk\/index.php?rest_route=\/wp\/v2\/pages\/10\/revisions"}],"predecessor-version":[{"id":1637,"href":"http:\/\/www.immoservicegroup.sk\/index.php?rest_route=\/wp\/v2\/pages\/10\/revisions\/1637"}],"wp:attachment":[{"href":"http:\/\/www.immoservicegroup.sk\/index.php?rest_route=%2Fwp%2Fv2%2Fmedia&parent=10"}],"curies":[{"name":"wp","href":"https:\/\/api.w.org\/{rel}","templated":true}]}}