{"id":16,"date":"2017-01-16T08:01:34","date_gmt":"2017-01-16T08:01:34","guid":{"rendered":"http:\/\/www.immoservicegroup.sk\/?page_id=16"},"modified":"2017-01-16T08:01:34","modified_gmt":"2017-01-16T08:01:34","slug":"sluzby","status":"publish","type":"page","link":"http:\/\/www.immoservicegroup.sk\/?page_id=16","title":{"rendered":"SLU\u017dBY"},"content":{"rendered":"<p><b>SPR\u00c1VCOVSK\u00c9 SLU\u017dBY PRE V\u00c1S<\/b><\/p>\n<p>Prostriedkom dosiahnutia spokojnosti klientov je vz\u00e1jomn\u00fd partnersk\u00fd vz\u0165ah so svojim spr\u00e1vcom bytov\u00e9ho domu. Z\u00e1klady d\u00f4very s\u00fa polo\u017een\u00e9 na transparentnosti a efektivite hospod\u00e1renia s finan\u010dn\u00fdmi prostriedkami jednotliv\u00fdch domov a samozrejme, aj na profesionalite, flexibilite a spo\u013eahlivosti zabezpe\u010denia pon\u00fakan\u00fdch slu\u017eieb.<\/p>\n<p>Bratislava \/ Trnava \/ Poprad<\/p>\n<p><b>SLU\u017dBY<\/b><\/p>\n<p>Cie\u013eom spolo\u010dnosti Immo Service Group, s.r.o. je poskytovanie kvalitn\u00fdch slu\u017eieb spojen\u00fdch so spr\u00e1vou bytov a\u00a0objektov a budovanie modernej spr\u00e1vcovskej spolo\u010dnosti, ktor\u00e1 zaru\u010duje:<\/p>\n<ul>\n<li>kompletnej ekonomickej agendy spr\u00e1vy bytov a\u00a0nebytov\u00fdch\u00a0priestorov a evidencie fondu opr\u00e1v<\/li>\n<li>vykon\u00e1vanie \u00fadr\u017eby a\u00a0opr\u00e1v v\u00fdberom dod\u00e1vate\u013ea s\u00a0poskytnut\u00edm technick\u00e9ho poradenstva<\/li>\n<li>technick\u00e9 obhliadky v\u00a0pr\u00edpade mimoriadnych udalost\u00ed a r\u00fdchly z\u00e1sah havarijnej slu\u017eby v\u00a0pr\u00edpade potreby aj mimo riadneho pracovn\u00e9ho \u010dasu, \u00a0cez pracovn\u00e9 vo\u013en\u00e1 a\u00a0sviatky<\/li>\n<li>konomick\u00e9 nakladanie s\u00a0finan\u010dn\u00fdmi prostriedkami klientov s\u00a0mo\u017enos\u0165ou bezplatnej informovanosti a neust\u00e1lej kontroly<\/li>\n<li>garantovanie vr\u00e1tenia preplatkov z\u00a0vy\u00fa\u010dtovania<\/li>\n<\/ul>\n<p><b>Spolo\u010dnos\u0165 Immo Service Group s.r.o zabezpe\u010duje na z\u00e1klade zml\u00fav:<\/b><\/p>\n<ul>\n<li>dod\u00e1vku tepla a teplej vody<\/li>\n<li>dod\u00e1vku vody z verejn\u00e9ho vodovodu<\/li>\n<li>osvetlenie spolo\u010dn\u00fdch priestorov<\/li>\n<li>odvoz domov\u00e9ho odpadu<\/li>\n<li>prev\u00e1dzku v\u00fd\u0165ahov a\u00a0zabezpe\u010denie vyprostenie osob v\u00a0pr\u00edpade potreby<\/li>\n<li>havarijn\u00fa slu\u017ebu<\/li>\n<li>deratiz\u00e1ciu<\/li>\n<li>str\u00e1\u017enu slu\u017ebu<\/li>\n<li>po\u017eiarnu ochranu<\/li>\n<li>upratovanie interi\u00e9ru aj exteri\u00e9ru (starostlivos\u0165 o\u00a0zele\u0148, zimn\u00e1 a\u00a0letn\u00e1 \u00fadr\u017eba)<\/li>\n<\/ul>\n","protected":false},"excerpt":{"rendered":"<p>SPR\u00c1VCOVSK\u00c9 SLU\u017dBY PRE V\u00c1S Prostriedkom dosiahnutia spokojnosti klientov je vz\u00e1jomn\u00fd partnersk\u00fd vz\u0165ah so svojim spr\u00e1vcom bytov\u00e9ho domu. Z\u00e1klady d\u00f4very s\u00fa polo\u017een\u00e9 na transparentnosti a efektivite hospod\u00e1renia s finan\u010dn\u00fdmi prostriedkami jednotliv\u00fdch<a href=\"http:\/\/www.immoservicegroup.sk\/?page_id=16\" class=\"more-link\">Read More <span class=\"screen-reader-text\">SLU\u017dBY<\/span><\/a><\/p>\n","protected":false},"author":1,"featured_media":0,"parent":0,"menu_order":0,"comment_status":"closed","ping_status":"closed","template":"","meta":[],"_links":{"self":[{"href":"http:\/\/www.immoservicegroup.sk\/index.php?rest_route=\/wp\/v2\/pages\/16"}],"collection":[{"href":"http:\/\/www.immoservicegroup.sk\/index.php?rest_route=\/wp\/v2\/pages"}],"about":[{"href":"http:\/\/www.immoservicegroup.sk\/index.php?rest_route=\/wp\/v2\/types\/page"}],"author":[{"embeddable":true,"href":"http:\/\/www.immoservicegroup.sk\/index.php?rest_route=\/wp\/v2\/users\/1"}],"replies":[{"embeddable":true,"href":"http:\/\/www.immoservicegroup.sk\/index.php?rest_route=%2Fwp%2Fv2%2Fcomments&post=16"}],"version-history":[{"count":1,"href":"http:\/\/www.immoservicegroup.sk\/index.php?rest_route=\/wp\/v2\/pages\/16\/revisions"}],"predecessor-version":[{"id":17,"href":"http:\/\/www.immoservicegroup.sk\/index.php?rest_route=\/wp\/v2\/pages\/16\/revisions\/17"}],"wp:attachment":[{"href":"http:\/\/www.immoservicegroup.sk\/index.php?rest_route=%2Fwp%2Fv2%2Fmedia&parent=16"}],"curies":[{"name":"wp","href":"https:\/\/api.w.org\/{rel}","templated":true}]}}